{"id":96,"date":"2013-09-06T21:32:59","date_gmt":"2013-09-06T21:32:59","guid":{"rendered":"http:\/\/dj-kaiserslautern.de\/?page_id=96"},"modified":"2026-02-02T22:32:38","modified_gmt":"2026-02-02T22:32:38","slug":"leistungen","status":"publish","type":"page","link":"https:\/\/www.dj-kaiserslautern.de\/?page_id=96","title":{"rendered":"Leistungen"},"content":{"rendered":"\n<p> <\/p>\n\n\n\n<p>Wenn Sie mich als DJ buchen m\u00f6chten, beginnen wir mit einem ausf\u00fchrlichen und unverbindlichen Vorgespr\u00e4ch \u2013 telefonisch, per  Videokonferenz oder pers\u00f6nlich. Dabei kl\u00e4ren wir alle wichtigen Details Ihrer Veranstaltung und sprechen \u00fcber Ihre musikalischen W\u00fcnsche. W\u00e4hrend der gesamten Planungsphase stehe ich in engem Austausch mit Ihnen und unterst\u00fctze Sie mit meiner Erfahrung und hilfreichen Tipps.<\/p>\n\n\n\n<p>Am Tag Ihres Events \u00fcbernehme ich \u2013 oder ein Tontechniker aus meinem Team \u2013 den fachgerechten Aufbau der Sound- und Lichtanlage direkt vor Ort.<\/p>\n\n\n\n<p>Je nach Vereinbarung stehe ich Ihnen ab der gew\u00fcnschten Uhrzeit als DJ zur Verf\u00fcgung. Auf Wunsch begleite ich Ihre Veranstaltung zus\u00e4tzlich als Event-Guard und sorge im Hintergrund f\u00fcr einen reibungslosen Ablauf, indem ich Programmpunkte koordiniere und technische Unterst\u00fctzung leiste. Die Musikanlage sowie Funkmikrofone k\u00f6nnen Sie und Ihre G\u00e4ste selbstverst\u00e4ndlich auch f\u00fcr eigene Beitr\u00e4ge nutzen.<\/p>\n\n\n<div class=\"wp-block-image\">\n<figure class=\"aligncenter\"><a href=\"https:\/\/www.dj-kaiserslautern.de\/wp-content\/uploads\/2018\/08\/Hochzeit8-1500-800.jpg\"><img loading=\"lazy\" decoding=\"async\" width=\"1500\" height=\"800\" src=\"https:\/\/www.dj-kaiserslautern.de\/wp-content\/uploads\/2018\/08\/Hochzeit8-1500-800.jpg\" alt=\"\" class=\"wp-image-359\" srcset=\"https:\/\/www.dj-kaiserslautern.de\/wp-content\/uploads\/2018\/08\/Hochzeit8-1500-800.jpg 1500w, https:\/\/www.dj-kaiserslautern.de\/wp-content\/uploads\/2018\/08\/Hochzeit8-1500-800-300x160.jpg 300w, https:\/\/www.dj-kaiserslautern.de\/wp-content\/uploads\/2018\/08\/Hochzeit8-1500-800-768x410.jpg 768w, https:\/\/www.dj-kaiserslautern.de\/wp-content\/uploads\/2018\/08\/Hochzeit8-1500-800-1024x546.jpg 1024w\" sizes=\"auto, (max-width: 1500px) 100vw, 1500px\" \/><\/a><\/figure>\n<\/div>\n\n\n<p> <\/p>\n\n\n\n<p>Die musikalische Gestaltung Ihres Events passe ich flexibel den jeweiligen Anforderungen an. Zum Empfang oder w\u00e4hrend des Essens sorge ich \u2013 ganz nach Ihren W\u00fcnschen \u2013 f\u00fcr eine angenehme, atmosph\u00e4rische Klangkulisse: von Cool Jazz, Buena Vista Social Club und 80s\u2011Sounds bis hin zu Piano\u2011Musik oder Klassik.<\/p>\n\n\n\n<p>F\u00fcr die Tanzfl\u00e4che und die Party am Abend stehe ich fokussiert hinter den Turntables und mache Ihr Event mit einem frischen, auf Sie und Ihre G\u00e4ste abgestimmten Musikmix zu einem unvergesslichen Erlebnis. Einen starren Fragenkatalog zur Musikauswahl gibt es bei mir bewusst nicht \u2013 als DJ lese ich die Stimmung direkt vor Ort und reagiere spontan auf das, was der Moment braucht. Ihre pers\u00f6nlichen Lieblingstitel k\u00f6nnen Sie mir selbstverst\u00e4ndlich vorab nennen, damit ich sie passend in den Abend integrieren kann.<\/p>\n\n\n<div class=\"wp-block-image\">\n<figure class=\"aligncenter\"><a href=\"https:\/\/www.dj-kaiserslautern.de\/wp-content\/uploads\/2018\/08\/Hochzeit1-1500-800.jpg\"><img loading=\"lazy\" decoding=\"async\" width=\"1500\" height=\"800\" src=\"https:\/\/www.dj-kaiserslautern.de\/wp-content\/uploads\/2018\/08\/Hochzeit1-1500-800.jpg\" alt=\"\" class=\"wp-image-347\" srcset=\"https:\/\/www.dj-kaiserslautern.de\/wp-content\/uploads\/2018\/08\/Hochzeit1-1500-800.jpg 1500w, https:\/\/www.dj-kaiserslautern.de\/wp-content\/uploads\/2018\/08\/Hochzeit1-1500-800-300x160.jpg 300w, https:\/\/www.dj-kaiserslautern.de\/wp-content\/uploads\/2018\/08\/Hochzeit1-1500-800-768x410.jpg 768w, https:\/\/www.dj-kaiserslautern.de\/wp-content\/uploads\/2018\/08\/Hochzeit1-1500-800-1024x546.jpg 1024w\" sizes=\"auto, (max-width: 1500px) 100vw, 1500px\" \/><\/a><\/figure>\n<\/div>\n\n\n<p> <\/p>\n\n\n\n<p>Mit \u00fcber 15 Jahren Erfahrung als DJ k\u00f6nnen Sie sich darauf verlassen, dass ich stets den passenden Titel zur richtigen Zeit finde. Musikw\u00fcnsche Ihrer G\u00e4ste sind jederzeit willkommen \u2013 dank prime Music, iTunes oder Spotify ist selbst der ausgefallenste Song meist innerhalb weniger Sekunden verf\u00fcgbar. Gleichzeitig behalte ich immer die Gesamtstimmung im Blick, damit einzelne Spezialw\u00fcnsche den Flow des Abends nicht st\u00f6ren.<\/p>\n\n\n\n<p>Auf Wunsch setze ich Licht- und Nebeleffekte gezielt ein, um echte Club-Atmosph\u00e4re zu schaffen. Und nat\u00fcrlich entscheiden Sie selbst, wann Ihre Veranstaltung nach einer langen Nacht stilvoll ausklingen soll.<\/p>\n\n\n\n<p>Mein Ziel ist ein unvergesslicher Abend f\u00fcr Sie und Ihre G\u00e4ste.<\/p>\n","protected":false},"excerpt":{"rendered":"<p>Wenn Sie mich als DJ buchen m\u00f6chten, beginnen wir mit einem ausf\u00fchrlichen und unverbindlichen Vorgespr\u00e4ch \u2013 telefonisch, per Videokonferenz oder pers\u00f6nlich. Dabei kl\u00e4ren wir alle wichtigen Details Ihrer Veranstaltung und sprechen \u00fcber Ihre musikalischen W\u00fcnsche. W\u00e4hrend der gesamten Planungsphase stehe ich in engem Austausch mit Ihnen und unterst\u00fctze Sie mit meiner Erfahrung und hilfreichen Tipps.&hellip;<\/p>\n","protected":false},"author":1,"featured_media":0,"parent":0,"menu_order":0,"comment_status":"closed","ping_status":"closed","template":"","meta":{"footnotes":""},"class_list":["post-96","page","type-page","status-publish","hentry","no-post-thumbnail","post-grid-3-col","entry"],"_links":{"self":[{"href":"https:\/\/www.dj-kaiserslautern.de\/index.php?rest_route=\/wp\/v2\/pages\/96","targetHints":{"allow":["GET"]}}],"collection":[{"href":"https:\/\/www.dj-kaiserslautern.de\/index.php?rest_route=\/wp\/v2\/pages"}],"about":[{"href":"https:\/\/www.dj-kaiserslautern.de\/index.php?rest_route=\/wp\/v2\/types\/page"}],"author":[{"embeddable":true,"href":"https:\/\/www.dj-kaiserslautern.de\/index.php?rest_route=\/wp\/v2\/users\/1"}],"replies":[{"embeddable":true,"href":"https:\/\/www.dj-kaiserslautern.de\/index.php?rest_route=%2Fwp%2Fv2%2Fcomments&post=96"}],"version-history":[{"count":46,"href":"https:\/\/www.dj-kaiserslautern.de\/index.php?rest_route=\/wp\/v2\/pages\/96\/revisions"}],"predecessor-version":[{"id":389,"href":"https:\/\/www.dj-kaiserslautern.de\/index.php?rest_route=\/wp\/v2\/pages\/96\/revisions\/389"}],"wp:attachment":[{"href":"https:\/\/www.dj-kaiserslautern.de\/index.php?rest_route=%2Fwp%2Fv2%2Fmedia&parent=96"}],"curies":[{"name":"wp","href":"https:\/\/api.w.org\/{rel}","templated":true}]}}