{"id":56,"date":"2013-09-03T16:38:23","date_gmt":"2013-09-03T16:38:23","guid":{"rendered":"http:\/\/dj-kaiserslautern.de\/?page_id=56"},"modified":"2026-02-02T22:33:10","modified_gmt":"2026-02-02T22:33:10","slug":"sound-und-lichttechnik","status":"publish","type":"page","link":"https:\/\/www.dj-kaiserslautern.de\/?page_id=56","title":{"rendered":"Technik"},"content":{"rendered":"\n<p>Ich lege gro\u00dfen Wert auf eine hochwertige technische Ausstattung, damit Sie und Ihre G\u00e4ste den bestm\u00f6glichen Klang genie\u00dfen k\u00f6nnen. F\u00fcr Veranstaltungen mit etwa 40 bis 100 Personen setze ich ein Satelliten\u2011PA\u2011System mit zwei Hoch\u2011\/Mittelt\u00f6nern und einem Subwoofer ein.<\/p>\n\n\n\n<p>Diese Anlage erm\u00f6glicht dezente Hintergrundmusik ebenso wie sauber und transparent klingende Tanzmusik bei angenehmer Lautst\u00e4rke. Auf Wunsch l\u00e4sst sich zudem ein kr\u00e4ftiges Bassfundament abrufen, das echtes Disco\u2011Feeling erzeugt. Die von mir verwendeten Mixer bieten vielf\u00e4ltige Toneing\u00e4nge und unterst\u00fctzen unterschiedlichste Ger\u00e4te und Instrumente.<\/p>\n\n\n<div class=\"wp-block-image\">\n<figure class=\"aligncenter\"><a href=\"https:\/\/www.dj-kaiserslautern.de\/wp-content\/uploads\/2018\/08\/Hochzeit2-1500-800.jpg\"><img loading=\"lazy\" decoding=\"async\" width=\"1500\" height=\"800\" src=\"https:\/\/www.dj-kaiserslautern.de\/wp-content\/uploads\/2018\/08\/Hochzeit2-1500-800.jpg\" alt=\"\" class=\"wp-image-352\" srcset=\"https:\/\/www.dj-kaiserslautern.de\/wp-content\/uploads\/2018\/08\/Hochzeit2-1500-800.jpg 1500w, https:\/\/www.dj-kaiserslautern.de\/wp-content\/uploads\/2018\/08\/Hochzeit2-1500-800-300x160.jpg 300w, https:\/\/www.dj-kaiserslautern.de\/wp-content\/uploads\/2018\/08\/Hochzeit2-1500-800-768x410.jpg 768w, https:\/\/www.dj-kaiserslautern.de\/wp-content\/uploads\/2018\/08\/Hochzeit2-1500-800-1024x546.jpg 1024w\" sizes=\"auto, (max-width: 1500px) 100vw, 1500px\" \/><\/a><\/figure>\n<\/div>\n\n\n<p> <\/p>\n\n\n\n<p>Sie k\u00f6nnen problemlos eigene Ger\u00e4te oder von G\u00e4sten mitgebrachte Musikquellen \u2013 etwa einen Musikplayer oder ein Notebook \u2013 an meine Anlage anschlie\u00dfen. Auch der Anschluss einer Gitarre, eines zus\u00e4tzlichen Mikrofons oder eines Keyboards ist ohne Weiteres m\u00f6glich.<\/p>\n\n\n\n<p>F\u00fcr die Lichttechnik setze ich ausschlie\u00dflich moderne LED\u2011Systeme ein, die zuverl\u00e4ssig arbeiten und den Raum in kr\u00e4ftige, stimmungsvolle Farben tauchen. Auf Wunsch erg\u00e4nze ich das Setup um eine dezent eingesetzte Nebelmaschine, durch die die Lichteffekte besonders eindrucksvoll zur Geltung kommen.<\/p>\n\n\n<div class=\"wp-block-image\">\n<figure class=\"aligncenter\"><a href=\"https:\/\/www.dj-kaiserslautern.de\/wp-content\/uploads\/2018\/08\/Hochzeit7-1500-800.jpg\"><img loading=\"lazy\" decoding=\"async\" width=\"1500\" height=\"800\" src=\"https:\/\/www.dj-kaiserslautern.de\/wp-content\/uploads\/2018\/08\/Hochzeit7-1500-800.jpg\" alt=\"\" class=\"wp-image-354\" srcset=\"https:\/\/www.dj-kaiserslautern.de\/wp-content\/uploads\/2018\/08\/Hochzeit7-1500-800.jpg 1500w, https:\/\/www.dj-kaiserslautern.de\/wp-content\/uploads\/2018\/08\/Hochzeit7-1500-800-300x160.jpg 300w, https:\/\/www.dj-kaiserslautern.de\/wp-content\/uploads\/2018\/08\/Hochzeit7-1500-800-768x410.jpg 768w, https:\/\/www.dj-kaiserslautern.de\/wp-content\/uploads\/2018\/08\/Hochzeit7-1500-800-1024x546.jpg 1024w\" sizes=\"auto, (max-width: 1500px) 100vw, 1500px\" \/><\/a><\/figure>\n<\/div>\n\n\n<p> <\/p>\n\n\n\n<p>Licht und Ton setze ich so ein, dass Sie und Ihre G\u00e4ste sich jederzeit wohlf\u00fchlen. Musik und stimmungsvolle Beleuchtung schaffen Atmosph\u00e4re, wecken Emotionen und lassen eine einzigartige, unvergessliche Stimmung entstehen.<\/p>\n\n\n\n<p>F\u00fcr alle Technikbegeisterten hier einige Details: DAP Soundmate mit 2\u00d7300 Watt Sinus\u2011Satelliten und 1\u00d7600 Watt Sinus\u2011Subwoofer, Behringer 8\u2011Kanal\u2011Mixer, Funkmikrofon, Pioneer CD\u2011Player, American DJ Tri\u2011LED\u2011Spots, Revo\u20114\u2011LED\u2011Effekte sowie ein Micro\u2011Laser.<\/p>\n","protected":false},"excerpt":{"rendered":"<p>Ich lege gro\u00dfen Wert auf eine hochwertige technische Ausstattung, damit Sie und Ihre G\u00e4ste den bestm\u00f6glichen Klang genie\u00dfen k\u00f6nnen. F\u00fcr Veranstaltungen mit etwa 40 bis 100 Personen setze ich ein Satelliten\u2011PA\u2011System mit zwei Hoch\u2011\/Mittelt\u00f6nern und einem Subwoofer ein. Diese Anlage erm\u00f6glicht dezente Hintergrundmusik ebenso wie sauber und transparent klingende Tanzmusik bei angenehmer Lautst\u00e4rke. Auf Wunsch&hellip;<\/p>\n","protected":false},"author":1,"featured_media":0,"parent":0,"menu_order":0,"comment_status":"closed","ping_status":"closed","template":"","meta":{"footnotes":""},"class_list":["post-56","page","type-page","status-publish","hentry","no-post-thumbnail","post-grid-3-col","entry"],"_links":{"self":[{"href":"https:\/\/www.dj-kaiserslautern.de\/index.php?rest_route=\/wp\/v2\/pages\/56","targetHints":{"allow":["GET"]}}],"collection":[{"href":"https:\/\/www.dj-kaiserslautern.de\/index.php?rest_route=\/wp\/v2\/pages"}],"about":[{"href":"https:\/\/www.dj-kaiserslautern.de\/index.php?rest_route=\/wp\/v2\/types\/page"}],"author":[{"embeddable":true,"href":"https:\/\/www.dj-kaiserslautern.de\/index.php?rest_route=\/wp\/v2\/users\/1"}],"replies":[{"embeddable":true,"href":"https:\/\/www.dj-kaiserslautern.de\/index.php?rest_route=%2Fwp%2Fv2%2Fcomments&post=56"}],"version-history":[{"count":24,"href":"https:\/\/www.dj-kaiserslautern.de\/index.php?rest_route=\/wp\/v2\/pages\/56\/revisions"}],"predecessor-version":[{"id":390,"href":"https:\/\/www.dj-kaiserslautern.de\/index.php?rest_route=\/wp\/v2\/pages\/56\/revisions\/390"}],"wp:attachment":[{"href":"https:\/\/www.dj-kaiserslautern.de\/index.php?rest_route=%2Fwp%2Fv2%2Fmedia&parent=56"}],"curies":[{"name":"wp","href":"https:\/\/api.w.org\/{rel}","templated":true}]}}