{"id":194,"date":"2015-09-08T00:31:04","date_gmt":"2015-09-08T00:31:04","guid":{"rendered":"http:\/\/www.dj-kaiserslautern.de\/?page_id=194"},"modified":"2026-02-02T22:34:14","modified_gmt":"2026-02-02T22:34:14","slug":"nico-alexander-dj-kaiserslautern","status":"publish","type":"page","link":"https:\/\/www.dj-kaiserslautern.de\/","title":{"rendered":"Nico Alexander &#8211; DJ Kaiserslautern"},"content":{"rendered":"\n<p> <\/p>\n\n\n\n<p>Ich bin Ihr zuverl\u00e4ssiger DJ in Kaiserslautern und der gesamten Region \u2013 f\u00fcr Hochzeiten, Geburtstage, Firmenfeiern, private Events oder Clubs. Seit \u00fcber 20 Jahren lege ich in Diskotheken, Clubs und auf unterschiedlichsten Veranstaltungen auf und sorge mit einem fein abgestimmten Musikmix daf\u00fcr, dass Ihr Event zu einem echten Erfolg wird.<\/p>\n\n\n<p><iframe loading=\"lazy\" title=\"DJ Kaiserslautern - Nico Alexander im Filou\" width=\"869\" height=\"489\" src=\"https:\/\/www.youtube.com\/embed\/TLDhrsSsmZ0?feature=oembed\" frameborder=\"0\" allow=\"accelerometer; autoplay; clipboard-write; encrypted-media; gyroscope; picture-in-picture; web-share\" referrerpolicy=\"strict-origin-when-cross-origin\" allowfullscreen><\/iframe><\/p>\n\n\n\n<h4 class=\"wp-block-heading\">&nbsp;<\/h4>\n\n\n\n<p><strong>Referenzen:<\/strong><\/p>\n\n\n\n<p>Diskothek Filou (Kaiserslautern), Radio Energy (Stuttgart), Club Merlin (Calw), Fun-Center (Mayen), Tanzschule Z\u00f6ller (Kaiserslautern), Stadtfest (Sindelfingen), M\u00fchle am Schlo\u00dfberg (Wartenberg), Der Pferdestall &#8211; Saloon (Ein\u00f6llen), Pfarrheim (Hohnecken), DGH (Mittelbrunn), DGH (Hauptstuhl), Brauhaus an der Gartenschau (Kaiserslautern), Unterhammer (Karlstal), Landgrafenm\u00fchle (Wallhalben), Familienlandheim (Kaiserslautern), Da Carlo (Trippstadt), Blechhammer (Kaiserslautern),&nbsp;Festhalle Haus Gylnheim (G\u00f6llheim)<\/p>\n\n\n<div class=\"wp-block-image\">\n<figure class=\"aligncenter\"><a href=\"https:\/\/www.dj-kaiserslautern.de\/wp-content\/uploads\/2018\/08\/Hochzeit4-1500-800.jpg\"><img loading=\"lazy\" decoding=\"async\" width=\"1500\" height=\"800\" src=\"https:\/\/www.dj-kaiserslautern.de\/wp-content\/uploads\/2018\/08\/Hochzeit4-1500-800.jpg\" alt=\"\" class=\"wp-image-349\" srcset=\"https:\/\/www.dj-kaiserslautern.de\/wp-content\/uploads\/2018\/08\/Hochzeit4-1500-800.jpg 1500w, https:\/\/www.dj-kaiserslautern.de\/wp-content\/uploads\/2018\/08\/Hochzeit4-1500-800-300x160.jpg 300w, https:\/\/www.dj-kaiserslautern.de\/wp-content\/uploads\/2018\/08\/Hochzeit4-1500-800-768x410.jpg 768w, https:\/\/www.dj-kaiserslautern.de\/wp-content\/uploads\/2018\/08\/Hochzeit4-1500-800-1024x546.jpg 1024w\" sizes=\"auto, (max-width: 1500px) 100vw, 1500px\" \/><\/a><\/figure>\n<\/div>\n\n\n<p> <\/p>\n\n\n\n<p> <\/p>\n\n\n\n<h2 class=\"wp-block-heading\">Unverbindliche Buchungsanfrage<\/h2>\n\n\n\n<p><span style=\"display: inline !important; float: none; background-color: transparent; color: #555555; cursor: text; font-family: 'Crimson Text',serif; font-size: 18px; font-style: normal; font-variant: normal; font-weight: 400; letter-spacing: normal; orphans: 2; text-align: left; text-decoration: none; text-indent: 0px; text-shadow: none; text-transform: none; -webkit-text-stroke-width: 0px; white-space: normal; word-spacing: 0px;\">Can not find Form in database<\/span><\/p>\n\n\n\n<p>Buchen Sie mich gerne auch in der N\u00e4he folgender Ort:<\/p>\n\n\n\n<p><a href=\"https:\/\/www.dj-kaiserslautern.de\/?page_id=84\">DJ Kusel<\/a> | <a href=\"https:\/\/www.dj-kaiserslautern.de\/?page_id=84\">DJ Rockenhausen<\/a> | <a href=\"https:\/\/www.dj-kaiserslautern.de\/?page_id=84\">DJ Alzey<\/a> | |<a href=\"https:\/\/www.dj-kaiserslautern.de\/?page_id=84\">DJ Kirchheimbolanden<\/a> | <a href=\"https:\/\/www.dj-kaiserslautern.de\/?page_id=84\">DJ Frankenthal<\/a> | <a href=\"https:\/\/www.dj-kaiserslautern.de\/?page_id=84\">DJ Neustadt<\/a> | <a href=\"https:\/\/www.dj-kaiserslautern.de\/?page_id=84\">DJ Waldmohr<\/a> | <a href=\"https:\/\/www.dj-kaiserslautern.de\/?page_id=84\">DJ Homburg<\/a> | <a href=\"https:\/\/www.dj-kaiserslautern.de\/?page_id=84\">DJ Neunkirchen<\/a> | <a href=\"https:\/\/www.dj-kaiserslautern.de\/?page_id=84\">DJ Zweibr\u00fccken<\/a> | <a href=\"https:\/\/www.dj-kaiserslautern.de\/?page_id=84\">DJ Pirmasens<\/a> | <a href=\"https:\/\/www.dj-kaiserslautern.de\/?page_id=84\">DJ Rheinland-Pfalz<\/a> | <a href=\"https:\/\/www.dj-kaiserslautern.de\/?page_id=84\">DJ Landstuhl<\/a> | <a href=\"https:\/\/www.dj-kaiserslautern.de\/?page_id=84\">DJ Ramstein<\/a> | <a href=\"https:\/\/www.dj-kaiserslautern.de\/?page_id=84\">DJ Kaiserslautern<\/a> | <a href=\"https:\/\/www.dj-kaiserslautern.de\/?page_id=84\">DJ Bad Kreuznach<\/a> | <a href=\"https:\/\/www.dj-kaiserslautern.de\/?page_id=84\">DJ Mannheim<\/a> | <a href=\"https:\/\/www.dj-kaiserslautern.de\/?page_id=84\">DJ Ludwigshafen<\/a><\/p>\n","protected":false},"excerpt":{"rendered":"<p>Ich bin Ihr zuverl\u00e4ssiger DJ in Kaiserslautern und der gesamten Region \u2013 f\u00fcr Hochzeiten, Geburtstage, Firmenfeiern, private Events oder Clubs. Seit \u00fcber 20 Jahren lege ich in Diskotheken, Clubs und auf unterschiedlichsten Veranstaltungen auf und sorge mit einem fein abgestimmten Musikmix daf\u00fcr, dass Ihr Event zu einem echten Erfolg wird. &nbsp; Referenzen: Diskothek Filou (Kaiserslautern),&hellip;<\/p>\n","protected":false},"author":1,"featured_media":0,"parent":0,"menu_order":0,"comment_status":"closed","ping_status":"closed","template":"","meta":{"footnotes":""},"class_list":["post-194","page","type-page","status-publish","hentry","no-post-thumbnail","post-grid-3-col","entry"],"_links":{"self":[{"href":"https:\/\/www.dj-kaiserslautern.de\/index.php?rest_route=\/wp\/v2\/pages\/194","targetHints":{"allow":["GET"]}}],"collection":[{"href":"https:\/\/www.dj-kaiserslautern.de\/index.php?rest_route=\/wp\/v2\/pages"}],"about":[{"href":"https:\/\/www.dj-kaiserslautern.de\/index.php?rest_route=\/wp\/v2\/types\/page"}],"author":[{"embeddable":true,"href":"https:\/\/www.dj-kaiserslautern.de\/index.php?rest_route=\/wp\/v2\/users\/1"}],"replies":[{"embeddable":true,"href":"https:\/\/www.dj-kaiserslautern.de\/index.php?rest_route=%2Fwp%2Fv2%2Fcomments&post=194"}],"version-history":[{"count":75,"href":"https:\/\/www.dj-kaiserslautern.de\/index.php?rest_route=\/wp\/v2\/pages\/194\/revisions"}],"predecessor-version":[{"id":393,"href":"https:\/\/www.dj-kaiserslautern.de\/index.php?rest_route=\/wp\/v2\/pages\/194\/revisions\/393"}],"wp:attachment":[{"href":"https:\/\/www.dj-kaiserslautern.de\/index.php?rest_route=%2Fwp%2Fv2%2Fmedia&parent=194"}],"curies":[{"name":"wp","href":"https:\/\/api.w.org\/{rel}","templated":true}]}}